{"id":2100,"date":"2018-09-01T13:25:13","date_gmt":"2018-09-01T11:25:13","guid":{"rendered":"https:\/\/www.capsunshop.ch\/boutique\/categorie-produit\/leder-armband-hellbraun-fur-apple-uhr\/"},"modified":"2023-07-16T18:02:00","modified_gmt":"2023-07-16T16:02:00","slug":"leder-armband-hellbraun-fur-apple-watch-38-40mm","status":"publish","type":"product","link":"https:\/\/capsunshop.com\/de\/leder-armband-hellbraun-fur-apple-watch-38-40mm\/","title":{"rendered":"Leder-Armband hellbraun f\u00fcr Apple Watch breite 38 &#038; 40mm"},"content":{"rendered":"<p>Leder-Armband hellbraun f\u00fcr Apple Watch. Passend f\u00fcr alle Apple 38 &#8211; 40mm Uhren, unabh\u00e4ngig vom Modell &#8211; (Original, Sport, Uhr, Edition, Nike+, Herm\u00e8s) Sekundenschnelle Montage: Einfach den Edelstahlarmbandhalter in den Schlitz der Apple Uhr schieben. Hinweis: Da es sich um ein nat\u00fcrliches, handgefertigtes Produkt handelt, k\u00f6nnen auf den Fotos Abweichungen in Farbe und Ausf\u00fchrung auftreten.<\/p>\n<p style=\"text-align: left;\">ENTDECKEN SIE DIE WELT VON<strong> BETTEL<\/strong><\/p>\n<div style=\"width: 564px;\" class=\"wp-video\"><video class=\"wp-video-shortcode\" id=\"video-2100-1\" width=\"564\" height=\"360\" preload=\"metadata\" controls=\"controls\"><source type=\"video\/mp4\" src=\"https:\/\/capsunshop.com\/wp-content\/uploads\/2019\/08\/Bette\u0301l-How-its-made.mp4?_=1\" \/><a href=\"https:\/\/capsunshop.com\/wp-content\/uploads\/2019\/08\/Bette\u0301l-How-its-made.mp4\">https:\/\/capsunshop.com\/wp-content\/uploads\/2019\/08\/Bette\u0301l-How-its-made.mp4<\/a><\/video><\/div>\n","protected":false},"excerpt":{"rendered":"<p>Leder-Armband hellbraun f\u00fcr Apple Watch. Verleihen Sie Ihrer Apple-Uhr einen authentischen Look dank der wundersch\u00f6nen Vollnarben-Lederarmb\u00e4ndern der Marke Bett\u00e9l. Handgefertigt in Kapstadt werden sie Ihrer Apple-Uhr einen einzigartigen Look und unvergleichlichen Komfort verleihen. Ihre Herstellung und die verwendeten Materialien garantieren eine grosse Widerstandsf\u00e4higkeit. Erh\u00e4ltlich in 3 Farben. Passt zu allen Apple Uhren.<\/p>\n","protected":false},"featured_media":1348,"comment_status":"closed","ping_status":"closed","template":"","meta":{"ocean_post_layout":"","ocean_both_sidebars_style":"","ocean_both_sidebars_content_width":0,"ocean_both_sidebars_sidebars_width":0,"ocean_sidebar":"0","ocean_second_sidebar":"0","ocean_disable_margins":"enable","ocean_add_body_class":"","ocean_shortcode_before_top_bar":"","ocean_shortcode_after_top_bar":"","ocean_shortcode_before_header":"","ocean_shortcode_after_header":"","ocean_has_shortcode":"","ocean_shortcode_after_title":"","ocean_shortcode_before_footer_widgets":"","ocean_shortcode_after_footer_widgets":"","ocean_shortcode_before_footer_bottom":"","ocean_shortcode_after_footer_bottom":"","ocean_display_top_bar":"default","ocean_display_header":"default","ocean_header_style":"","ocean_center_header_left_menu":"0","ocean_custom_header_template":"0","ocean_custom_logo":0,"ocean_custom_retina_logo":0,"ocean_custom_logo_max_width":0,"ocean_custom_logo_tablet_max_width":0,"ocean_custom_logo_mobile_max_width":0,"ocean_custom_logo_max_height":0,"ocean_custom_logo_tablet_max_height":0,"ocean_custom_logo_mobile_max_height":0,"ocean_header_custom_menu":"0","ocean_menu_typo_font_family":"0","ocean_menu_typo_font_subset":"","ocean_menu_typo_font_size":0,"ocean_menu_typo_font_size_tablet":0,"ocean_menu_typo_font_size_mobile":0,"ocean_menu_typo_font_size_unit":"px","ocean_menu_typo_font_weight":"","ocean_menu_typo_font_weight_tablet":"","ocean_menu_typo_font_weight_mobile":"","ocean_menu_typo_transform":"","ocean_menu_typo_transform_tablet":"","ocean_menu_typo_transform_mobile":"","ocean_menu_typo_line_height":0,"ocean_menu_typo_line_height_tablet":0,"ocean_menu_typo_line_height_mobile":0,"ocean_menu_typo_line_height_unit":"","ocean_menu_typo_spacing":0,"ocean_menu_typo_spacing_tablet":0,"ocean_menu_typo_spacing_mobile":0,"ocean_menu_typo_spacing_unit":"","ocean_menu_link_color":"","ocean_menu_link_color_hover":"","ocean_menu_link_color_active":"","ocean_menu_link_background":"","ocean_menu_link_hover_background":"","ocean_menu_link_active_background":"","ocean_menu_social_links_bg":"","ocean_menu_social_hover_links_bg":"","ocean_menu_social_links_color":"","ocean_menu_social_hover_links_color":"","ocean_disable_title":"default","ocean_disable_heading":"default","ocean_post_title":"","ocean_post_subheading":"","ocean_post_title_style":"","ocean_post_title_background_color":"","ocean_post_title_background":0,"ocean_post_title_bg_image_position":"","ocean_post_title_bg_image_attachment":"","ocean_post_title_bg_image_repeat":"","ocean_post_title_bg_image_size":"","ocean_post_title_height":0,"ocean_post_title_bg_overlay":0.5,"ocean_post_title_bg_overlay_color":"","ocean_disable_breadcrumbs":"default","ocean_breadcrumbs_color":"","ocean_breadcrumbs_separator_color":"","ocean_breadcrumbs_links_color":"","ocean_breadcrumbs_links_hover_color":"","ocean_display_footer_widgets":"default","ocean_display_footer_bottom":"default","ocean_custom_footer_template":"0"},"product_brand":[],"product_cat":[332,126,313],"product_tag":[],"class_list":{"0":"post-2100","1":"product","2":"type-product","3":"status-publish","4":"has-post-thumbnail","6":"product_cat-apple-watch-38-40mm-de","7":"product_cat-bettel-de","8":"product_cat-lederarmbander-fur-apple-watch","9":"product_shipping_class-lederarmband-bettel","11":"entry","12":"has-media","14":"first","15":"instock","16":"sale","17":"taxable","18":"shipping-taxable","19":"purchasable","20":"product-type-variable","21":"has-default-attributes","22":"has-product-nav","23":"col","24":"span_1_of_2","25":"owp-content-center","26":"owp-thumbs-layout-horizontal","27":"owp-btn-big","28":"owp-tabs-layout-horizontal","30":"circle-sale"},"_links":{"self":[{"href":"https:\/\/capsunshop.com\/de\/wp-json\/wp\/v2\/product\/2100","targetHints":{"allow":["GET"]}}],"collection":[{"href":"https:\/\/capsunshop.com\/de\/wp-json\/wp\/v2\/product"}],"about":[{"href":"https:\/\/capsunshop.com\/de\/wp-json\/wp\/v2\/types\/product"}],"replies":[{"embeddable":true,"href":"https:\/\/capsunshop.com\/de\/wp-json\/wp\/v2\/comments?post=2100"}],"wp:featuredmedia":[{"embeddable":true,"href":"https:\/\/capsunshop.com\/de\/wp-json\/wp\/v2\/media\/1348"}],"wp:attachment":[{"href":"https:\/\/capsunshop.com\/de\/wp-json\/wp\/v2\/media?parent=2100"}],"wp:term":[{"taxonomy":"product_brand","embeddable":true,"href":"https:\/\/capsunshop.com\/de\/wp-json\/wp\/v2\/product_brand?post=2100"},{"taxonomy":"product_cat","embeddable":true,"href":"https:\/\/capsunshop.com\/de\/wp-json\/wp\/v2\/product_cat?post=2100"},{"taxonomy":"product_tag","embeddable":true,"href":"https:\/\/capsunshop.com\/de\/wp-json\/wp\/v2\/product_tag?post=2100"}],"curies":[{"name":"wp","href":"https:\/\/api.w.org\/{rel}","templated":true}]}}