{"id":23439,"date":"2019-08-14T09:08:04","date_gmt":"2019-08-14T07:08:04","guid":{"rendered":"https:\/\/capsunshop.ch\/?post_type=product&#038;p=23439"},"modified":"2025-12-01T19:22:26","modified_gmt":"2025-12-01T18:22:26","slug":"holzuhr-the-ellipse-44mm-braunes-diesel-lederband","status":"publish","type":"product","link":"https:\/\/capsunshop.com\/de\/holzuhr-the-ellipse-44mm-braunes-diesel-lederband\/","title":{"rendered":"Holzuhr mit Carbon-Zifferblatt &#8222;Ellipse&#8220; 44mm &#8211; braunes Lederband"},"content":{"rendered":"<p>Diese Uhr besteht aus einer Kombination der folgenden Elemente:<br \/>\nCNC-Bearbeitung und manuelle Bearbeitung, davon 19 f\u00fcr die Holzbearbeitung und 11 f\u00fcr die Lederbearbeitung.<br \/>\nDas ist es, was diesen einzigartigen Uhren aus nat\u00fcrlichen Materialien Leben einhaucht.<br \/>\nWeitere 30 Prozesse beinhalten die manuelle Montage der Komponenten und f\u00fchren zum fertigen Produkt.<br \/>\nDie verwendeten nat\u00fcrlichen Materialien und ihr Gewicht machen sie zu einer angenehm zu tragenden Uhr.<br \/>\nDie Uhr wird in einem originellen Holzk\u00e4stchen geliefert.<br \/>\n1 Jahr Garantie auf Fabrikationsfehler.<\/p>\n","protected":false},"excerpt":{"rendered":"<p>SPEZIFIKATIONEN &#8211; Durchmesser der Uhr: 44mm &#8211; Dicke der Uhr: 8,5mm &#8211; Breite des Armbandes: 22mm &#8211; Passt auf Handgelenke von: 160mm &#8211; 205mm &#8211; 100% Vollnarbenleder braun &#8211; Zifferblatt aus amerikanischem Nussbaumholz mit Kohlefasereinlage &#8211; Miyota 2035 Quarzwerk mit einer Autonomie von 2 bis 3 Jahren &#8211; Geh\u00e4rtetes Mineralglas &#8211; Schnallen, Kronen und Schrauben aus Edelstahl &#8211; Uhrengeh\u00e4use aus Kiaat (s\u00fcdafrikanisches Hartholz)<\/p>\n<p style=\"text-align: center;\">ENTDECKEN SIE MEHR, <strong>MIT DIESEM VIDEO!<\/strong><\/p>\n<div style=\"width: 564px;\" class=\"wp-video\"><video class=\"wp-video-shortcode\" id=\"video-23439-1\" width=\"564\" height=\"360\" preload=\"metadata\" controls=\"controls\"><source type=\"video\/mp4\" src=\"https:\/\/capsunshop.com\/wp-content\/uploads\/2019\/08\/Bette\u0301l-How-its-made.mp4?_=1\" \/><a href=\"https:\/\/capsunshop.com\/wp-content\/uploads\/2019\/08\/Bette\u0301l-How-its-made.mp4\">https:\/\/capsunshop.com\/wp-content\/uploads\/2019\/08\/Bette\u0301l-How-its-made.mp4<\/a><\/video><\/div>\n","protected":false},"featured_media":23451,"comment_status":"closed","ping_status":"closed","template":"","meta":{"ocean_post_layout":"","ocean_both_sidebars_style":"","ocean_both_sidebars_content_width":0,"ocean_both_sidebars_sidebars_width":0,"ocean_sidebar":"0","ocean_second_sidebar":"0","ocean_disable_margins":"enable","ocean_add_body_class":"","ocean_shortcode_before_top_bar":"","ocean_shortcode_after_top_bar":"","ocean_shortcode_before_header":"","ocean_shortcode_after_header":"","ocean_has_shortcode":"","ocean_shortcode_after_title":"","ocean_shortcode_before_footer_widgets":"","ocean_shortcode_after_footer_widgets":"","ocean_shortcode_before_footer_bottom":"","ocean_shortcode_after_footer_bottom":"","ocean_display_top_bar":"default","ocean_display_header":"default","ocean_header_style":"","ocean_center_header_left_menu":"0","ocean_custom_header_template":"0","ocean_custom_logo":0,"ocean_custom_retina_logo":0,"ocean_custom_logo_max_width":0,"ocean_custom_logo_tablet_max_width":0,"ocean_custom_logo_mobile_max_width":0,"ocean_custom_logo_max_height":0,"ocean_custom_logo_tablet_max_height":0,"ocean_custom_logo_mobile_max_height":0,"ocean_header_custom_menu":"0","ocean_menu_typo_font_family":"0","ocean_menu_typo_font_subset":"","ocean_menu_typo_font_size":0,"ocean_menu_typo_font_size_tablet":0,"ocean_menu_typo_font_size_mobile":0,"ocean_menu_typo_font_size_unit":"px","ocean_menu_typo_font_weight":"","ocean_menu_typo_font_weight_tablet":"","ocean_menu_typo_font_weight_mobile":"","ocean_menu_typo_transform":"","ocean_menu_typo_transform_tablet":"","ocean_menu_typo_transform_mobile":"","ocean_menu_typo_line_height":0,"ocean_menu_typo_line_height_tablet":0,"ocean_menu_typo_line_height_mobile":0,"ocean_menu_typo_line_height_unit":"","ocean_menu_typo_spacing":0,"ocean_menu_typo_spacing_tablet":0,"ocean_menu_typo_spacing_mobile":0,"ocean_menu_typo_spacing_unit":"","ocean_menu_link_color":"","ocean_menu_link_color_hover":"","ocean_menu_link_color_active":"","ocean_menu_link_background":"","ocean_menu_link_hover_background":"","ocean_menu_link_active_background":"","ocean_menu_social_links_bg":"","ocean_menu_social_hover_links_bg":"","ocean_menu_social_links_color":"","ocean_menu_social_hover_links_color":"","ocean_disable_title":"default","ocean_disable_heading":"default","ocean_post_title":"","ocean_post_subheading":"","ocean_post_title_style":"","ocean_post_title_background_color":"","ocean_post_title_background":0,"ocean_post_title_bg_image_position":"","ocean_post_title_bg_image_attachment":"","ocean_post_title_bg_image_repeat":"","ocean_post_title_bg_image_size":"","ocean_post_title_height":0,"ocean_post_title_bg_overlay":0.5,"ocean_post_title_bg_overlay_color":"","ocean_disable_breadcrumbs":"default","ocean_breadcrumbs_color":"","ocean_breadcrumbs_separator_color":"","ocean_breadcrumbs_links_color":"","ocean_breadcrumbs_links_hover_color":"","ocean_display_footer_widgets":"default","ocean_display_footer_bottom":"default","ocean_custom_footer_template":"0"},"product_brand":[],"product_cat":[126,196,96],"product_tag":[],"class_list":{"0":"post-23439","1":"product","2":"type-product","3":"status-publish","4":"has-post-thumbnail","6":"product_cat-bettel-de","7":"product_cat-herren-holzuhren","8":"product_cat-holzuhr","9":"product_shipping_class-bettel-de","11":"entry","12":"has-media","14":"first","15":"outofstock","16":"taxable","17":"shipping-taxable","18":"purchasable","19":"product-type-simple","20":"has-product-nav","21":"col","22":"span_1_of_2","23":"owp-content-center","24":"owp-thumbs-layout-horizontal","25":"owp-btn-big","26":"owp-tabs-layout-horizontal","28":"circle-sale"},"_links":{"self":[{"href":"https:\/\/capsunshop.com\/de\/wp-json\/wp\/v2\/product\/23439","targetHints":{"allow":["GET"]}}],"collection":[{"href":"https:\/\/capsunshop.com\/de\/wp-json\/wp\/v2\/product"}],"about":[{"href":"https:\/\/capsunshop.com\/de\/wp-json\/wp\/v2\/types\/product"}],"replies":[{"embeddable":true,"href":"https:\/\/capsunshop.com\/de\/wp-json\/wp\/v2\/comments?post=23439"}],"wp:featuredmedia":[{"embeddable":true,"href":"https:\/\/capsunshop.com\/de\/wp-json\/wp\/v2\/media\/23451"}],"wp:attachment":[{"href":"https:\/\/capsunshop.com\/de\/wp-json\/wp\/v2\/media?parent=23439"}],"wp:term":[{"taxonomy":"product_brand","embeddable":true,"href":"https:\/\/capsunshop.com\/de\/wp-json\/wp\/v2\/product_brand?post=23439"},{"taxonomy":"product_cat","embeddable":true,"href":"https:\/\/capsunshop.com\/de\/wp-json\/wp\/v2\/product_cat?post=23439"},{"taxonomy":"product_tag","embeddable":true,"href":"https:\/\/capsunshop.com\/de\/wp-json\/wp\/v2\/product_tag?post=23439"}],"curies":[{"name":"wp","href":"https:\/\/api.w.org\/{rel}","templated":true}]}}