{"id":31934,"date":"2020-05-11T17:27:09","date_gmt":"2020-05-11T15:27:09","guid":{"rendered":"https:\/\/capsunshop.ch\/?post_type=product&#038;p=31934"},"modified":"2021-12-16T07:45:36","modified_gmt":"2021-12-16T06:45:36","slug":"baumwolle-stoffbeutel-von-handgefertigt-in-sudafrika-13x20cm","status":"publish","type":"product","link":"https:\/\/capsunshop.com\/de\/baumwolle-stoffbeutel-von-handgefertigt-in-sudafrika-13x20cm\/","title":{"rendered":"T\u00e4schchen aus Baumwolle handgefertigt in S\u00fcdafrika &#8211; 13x20cm"},"content":{"rendered":"","protected":false},"excerpt":{"rendered":"<p>Afrikanischer Stoffbeutel, 100 % Baumwolle, mit Rei\u00dfverschluss. Innenfutter. Handgefertigt in Kapstadt, S\u00fcdafrika. Ideal als Aufbewahrungstasche f\u00fcr &#8222;Mia M\u00e9lange&#8220;-Baumwolltaschen oder f\u00fcr andere Gegenst\u00e4nde.<\/p>\n<p><img decoding=\"async\" class=\"size-full wp-image-32129 alignnone\" src=\"https:\/\/capsunshop.com\/wp-content\/uploads\/2020\/05\/handmade-logo.png\" alt=\"\" width=\"194\" height=\"195\" srcset=\"https:\/\/capsunshop.com\/wp-content\/uploads\/2020\/05\/handmade-logo.png 194w, https:\/\/capsunshop.com\/wp-content\/uploads\/2020\/05\/handmade-logo-150x150.png 150w, https:\/\/capsunshop.com\/wp-content\/uploads\/2020\/05\/handmade-logo-100x100.png 100w\" sizes=\"(max-width: 194px) 100vw, 194px\" \/><\/p>\n<p><img decoding=\"async\" class=\"size-full wp-image-32129 alignnone\" src=\"https:\/\/capsunshop.ch\/wp-content\/uploads\/2020\/05\/handmade-logo.png\" alt=\"\" width=\"194\" height=\"195\" srcset=\"https:\/\/capsunshop.com\/wp-content\/uploads\/2020\/05\/handmade-logo.png 194w, https:\/\/capsunshop.com\/wp-content\/uploads\/2020\/05\/handmade-logo-150x150.png 150w, https:\/\/capsunshop.com\/wp-content\/uploads\/2020\/05\/handmade-logo-100x100.png 100w\" sizes=\"(max-width: 194px) 100vw, 194px\" \/><\/p>\n<p>\u00a0<\/p>\n","protected":false},"featured_media":31938,"comment_status":"open","ping_status":"closed","template":"","meta":{"ocean_post_layout":"","ocean_both_sidebars_style":"","ocean_both_sidebars_content_width":0,"ocean_both_sidebars_sidebars_width":0,"ocean_sidebar":"0","ocean_second_sidebar":"0","ocean_disable_margins":"enable","ocean_add_body_class":"","ocean_shortcode_before_top_bar":"","ocean_shortcode_after_top_bar":"","ocean_shortcode_before_header":"","ocean_shortcode_after_header":"","ocean_has_shortcode":"","ocean_shortcode_after_title":"","ocean_shortcode_before_footer_widgets":"","ocean_shortcode_after_footer_widgets":"","ocean_shortcode_before_footer_bottom":"","ocean_shortcode_after_footer_bottom":"","ocean_display_top_bar":"default","ocean_display_header":"default","ocean_header_style":"","ocean_center_header_left_menu":"0","ocean_custom_header_template":"0","ocean_custom_logo":0,"ocean_custom_retina_logo":0,"ocean_custom_logo_max_width":0,"ocean_custom_logo_tablet_max_width":0,"ocean_custom_logo_mobile_max_width":0,"ocean_custom_logo_max_height":0,"ocean_custom_logo_tablet_max_height":0,"ocean_custom_logo_mobile_max_height":0,"ocean_header_custom_menu":"0","ocean_menu_typo_font_family":"0","ocean_menu_typo_font_subset":"","ocean_menu_typo_font_size":0,"ocean_menu_typo_font_size_tablet":0,"ocean_menu_typo_font_size_mobile":0,"ocean_menu_typo_font_size_unit":"px","ocean_menu_typo_font_weight":"","ocean_menu_typo_font_weight_tablet":"","ocean_menu_typo_font_weight_mobile":"","ocean_menu_typo_transform":"","ocean_menu_typo_transform_tablet":"","ocean_menu_typo_transform_mobile":"","ocean_menu_typo_line_height":0,"ocean_menu_typo_line_height_tablet":0,"ocean_menu_typo_line_height_mobile":0,"ocean_menu_typo_line_height_unit":"","ocean_menu_typo_spacing":0,"ocean_menu_typo_spacing_tablet":0,"ocean_menu_typo_spacing_mobile":0,"ocean_menu_typo_spacing_unit":"","ocean_menu_link_color":"","ocean_menu_link_color_hover":"","ocean_menu_link_color_active":"","ocean_menu_link_background":"","ocean_menu_link_hover_background":"","ocean_menu_link_active_background":"","ocean_menu_social_links_bg":"","ocean_menu_social_hover_links_bg":"","ocean_menu_social_links_color":"","ocean_menu_social_hover_links_color":"","ocean_disable_title":"default","ocean_disable_heading":"default","ocean_post_title":"","ocean_post_subheading":"","ocean_post_title_style":"","ocean_post_title_background_color":"","ocean_post_title_background":0,"ocean_post_title_bg_image_position":"","ocean_post_title_bg_image_attachment":"","ocean_post_title_bg_image_repeat":"","ocean_post_title_bg_image_size":"","ocean_post_title_height":0,"ocean_post_title_bg_overlay":0.5,"ocean_post_title_bg_overlay_color":"","ocean_disable_breadcrumbs":"default","ocean_breadcrumbs_color":"","ocean_breadcrumbs_separator_color":"","ocean_breadcrumbs_links_color":"","ocean_breadcrumbs_links_hover_color":"","ocean_display_footer_widgets":"default","ocean_display_footer_bottom":"default","ocean_custom_footer_template":"0"},"product_brand":[],"product_cat":[304,193],"product_tag":[],"class_list":{"0":"post-31934","1":"product","2":"type-product","3":"status-publish","4":"has-post-thumbnail","6":"product_cat-baumwollwaren","7":"product_cat-naturfasertaschen","8":"product_shipping_class-baumwollbeutel","10":"entry","11":"has-media","13":"first","14":"instock","15":"taxable","16":"shipping-taxable","17":"purchasable","18":"product-type-simple","19":"has-product-nav","20":"col","21":"span_1_of_2","22":"owp-content-center","23":"owp-thumbs-layout-horizontal","24":"owp-btn-big","25":"owp-tabs-layout-horizontal","27":"circle-sale"},"_links":{"self":[{"href":"https:\/\/capsunshop.com\/de\/wp-json\/wp\/v2\/product\/31934","targetHints":{"allow":["GET"]}}],"collection":[{"href":"https:\/\/capsunshop.com\/de\/wp-json\/wp\/v2\/product"}],"about":[{"href":"https:\/\/capsunshop.com\/de\/wp-json\/wp\/v2\/types\/product"}],"replies":[{"embeddable":true,"href":"https:\/\/capsunshop.com\/de\/wp-json\/wp\/v2\/comments?post=31934"}],"wp:featuredmedia":[{"embeddable":true,"href":"https:\/\/capsunshop.com\/de\/wp-json\/wp\/v2\/media\/31938"}],"wp:attachment":[{"href":"https:\/\/capsunshop.com\/de\/wp-json\/wp\/v2\/media?parent=31934"}],"wp:term":[{"taxonomy":"product_brand","embeddable":true,"href":"https:\/\/capsunshop.com\/de\/wp-json\/wp\/v2\/product_brand?post=31934"},{"taxonomy":"product_cat","embeddable":true,"href":"https:\/\/capsunshop.com\/de\/wp-json\/wp\/v2\/product_cat?post=31934"},{"taxonomy":"product_tag","embeddable":true,"href":"https:\/\/capsunshop.com\/de\/wp-json\/wp\/v2\/product_tag?post=31934"}],"curies":[{"name":"wp","href":"https:\/\/api.w.org\/{rel}","templated":true}]}}