{"id":6986,"date":"2019-01-30T13:11:53","date_gmt":"2019-01-30T12:11:53","guid":{"rendered":"https:\/\/capsunshop.ch\/boutique\/categorie-produit\/umhangetasche-jute-kollektion\/"},"modified":"2023-07-16T18:39:50","modified_gmt":"2023-07-16T16:39:50","slug":"umhangetasche-jute-kollektion","status":"publish","type":"product","link":"https:\/\/capsunshop.com\/de\/umhangetasche-jute-kollektion\/","title":{"rendered":"Umh\u00e4ngetasche aus Baumwolle &#8211; JUTE KOLLEKTION"},"content":{"rendered":"<p>Umh\u00e4ngetasche aus Baumwolle. Mia M\u00e9lange-Artikel werden ausschlie\u00dflich in S\u00fcdafrika in Handarbeit aus lokal erzeugter Baumwolle hergestellt. Jedes Produkt ist einzigartig und authentisch und vermittelt die Liebe zu handwerklichen Arbeiten. Die Taschen werden zu 100% von Hand in ihrer Werkstatt in Stellenbosch, S\u00fcdafrika, entworfen und hergestellt. Mia M\u00e9lange verwendet Baumwolle, die in S\u00fcdafrika von Bauern angebaut wird, die Mitglied von &#8222;Better Cotton Initiate (BCI)&#8220; sind.<\/p>\n<p><a href=\"https:\/\/bettercotton.org\/\" target=\"_blank\" rel=\"noopener noreferrer nofollow\"><img decoding=\"async\" class=\"alignnone wp-image-23223 size-medium\" src=\"https:\/\/capsunshop.com\/wp-content\/uploads\/2019\/01\/label-better-cotton-initiative-300x132.jpg\" alt=\"\" width=\"300\" height=\"132\" srcset=\"https:\/\/capsunshop.com\/wp-content\/uploads\/2019\/01\/label-better-cotton-initiative-300x132.jpg 300w, https:\/\/capsunshop.com\/wp-content\/uploads\/2019\/01\/label-better-cotton-initiative.jpg 500w\" sizes=\"(max-width: 300px) 100vw, 300px\" \/><\/a><\/p>\n<p><a href=\"https:\/\/bettercotton.org\/\" target=\"_blank\" rel=\"noopener noreferrer nofollow\"><img decoding=\"async\" class=\"alignnone wp-image-32131\" src=\"https:\/\/capsunshop.com\/wp-content\/uploads\/2020\/05\/handmade-logo.png\" alt=\"\" width=\"120\" height=\"121\" srcset=\"https:\/\/capsunshop.com\/wp-content\/uploads\/2020\/05\/handmade-logo.png 194w, https:\/\/capsunshop.com\/wp-content\/uploads\/2020\/05\/handmade-logo-150x150.png 150w, https:\/\/capsunshop.com\/wp-content\/uploads\/2020\/05\/handmade-logo-100x100.png 100w\" sizes=\"(max-width: 120px) 100vw, 120px\" \/><\/a><\/p>\n<p><b>Pflege :<\/b> Reinigen Sie Flecken mit Seife und Wasser.<\/p>\n<p><b>Hinweis :<\/b> Bitte beachten Sie, dass alle unsere Produkte in Handarbeit aus Naturfasern wie Baumwolle und Jute hergestellt werden. Es k\u00f6nnen Abweichungen auftreten. Keine zwei Produkte sind exakt gleich. Dies ist die Garantie, Ihnen ein einzigartiges Produkt anzubieten! Wenn wir Produkte verpacken, falten wir sie oft. Da die Produkte vollst\u00e4ndig aus Baumwolle bestehen, ist es einfach, sie zusammenzuklappen und wieder in ihre urspr\u00fcngliche Form zu bringen.<\/p>\n<p><img decoding=\"async\" class=\"alignnone wp-image-6934\" src=\"https:\/\/capsunshop.com\/wp-content\/uploads\/2019\/01\/natural-logo-300x300.png\" alt=\"\" width=\"139\" height=\"139\" srcset=\"https:\/\/capsunshop.com\/wp-content\/uploads\/2019\/01\/natural-logo-300x300.png 300w, https:\/\/capsunshop.com\/wp-content\/uploads\/2019\/01\/natural-logo-150x150.png 150w, https:\/\/capsunshop.com\/wp-content\/uploads\/2019\/01\/natural-logo-100x100.png 100w, https:\/\/capsunshop.com\/wp-content\/uploads\/2019\/01\/natural-logo.png 367w\" sizes=\"(max-width: 139px) 100vw, 139px\" \/><\/p>\n","protected":false},"excerpt":{"rendered":"<p>Umh\u00e4ngetasche aus Baumwolle. Die Umh\u00e4ngetaschen von Mia M\u00e9lange sind dank ihrer Vielseitigkeit und Langlebigkeit perfekt. Vollst\u00e4ndig handgefertigt, sind sie ideal f\u00fcr Ihre t\u00e4glichen Aktivit\u00e4ten. Wird mit einem Rei\u00dfverschluss und einer eleganten Quaste geliefert. Der Rei\u00dfverschluss schlie\u00dft sich zum Griff hin. Ungef\u00e4hre Gr\u00f6\u00dfe : H 23cm x B 33cm x T 13cm<\/p>\n<p style=\"text-align: center;\">ENTDECKEN SIE DIE WELT VON MIA M\u00c9LANGE <strong>MIT DIESEM VIDEO!<\/strong><\/p>\n<div style=\"width: 1200px;\" class=\"wp-video\"><video class=\"wp-video-shortcode\" id=\"video-6986-1\" width=\"1200\" height=\"675\" poster=\"https:\/\/capsunshop.com\/wp-content\/uploads\/2019\/01\/Logo-Mia-Me\u0301lange-800x800-2.jpg\" preload=\"metadata\" controls=\"controls\"><source type=\"video\/mp4\" src=\"https:\/\/capsunshop.com\/wp-content\/uploads\/2019\/08\/Mia_Melange_Handcrafted_Design.mp4?_=1\" \/><a href=\"https:\/\/capsunshop.com\/wp-content\/uploads\/2019\/08\/Mia_Melange_Handcrafted_Design.mp4\">https:\/\/capsunshop.com\/wp-content\/uploads\/2019\/08\/Mia_Melange_Handcrafted_Design.mp4<\/a><\/video><\/div>\n<p><img loading=\"lazy\" decoding=\"async\" class=\"alignnone wp-image-6860\" src=\"https:\/\/capsunshop.com\/wp-content\/uploads\/2019\/01\/Mia-Me\u0301lange-Logo-noir-1-300x173.png\" alt=\"\" width=\"218\" height=\"126\" srcset=\"https:\/\/capsunshop.com\/wp-content\/uploads\/2019\/01\/Mia-Me\u0301lange-Logo-noir-1-300x173.png 300w, https:\/\/capsunshop.com\/wp-content\/uploads\/2019\/01\/Mia-Me\u0301lange-Logo-noir-1-768x442.png 768w, https:\/\/capsunshop.com\/wp-content\/uploads\/2019\/01\/Mia-Me\u0301lange-Logo-noir-1-650x374.png 650w, https:\/\/capsunshop.com\/wp-content\/uploads\/2019\/01\/Mia-Me\u0301lange-Logo-noir-1.png 827w\" sizes=\"(max-width: 218px) 100vw, 218px\" \/><\/p>\n","protected":false},"featured_media":32046,"comment_status":"closed","ping_status":"closed","template":"","meta":{"ocean_post_layout":"","ocean_both_sidebars_style":"","ocean_both_sidebars_content_width":0,"ocean_both_sidebars_sidebars_width":0,"ocean_sidebar":"0","ocean_second_sidebar":"0","ocean_disable_margins":"enable","ocean_add_body_class":"","ocean_shortcode_before_top_bar":"","ocean_shortcode_after_top_bar":"","ocean_shortcode_before_header":"","ocean_shortcode_after_header":"","ocean_has_shortcode":"","ocean_shortcode_after_title":"","ocean_shortcode_before_footer_widgets":"","ocean_shortcode_after_footer_widgets":"","ocean_shortcode_before_footer_bottom":"","ocean_shortcode_after_footer_bottom":"","ocean_display_top_bar":"default","ocean_display_header":"default","ocean_header_style":"","ocean_center_header_left_menu":"0","ocean_custom_header_template":"0","ocean_custom_logo":0,"ocean_custom_retina_logo":0,"ocean_custom_logo_max_width":0,"ocean_custom_logo_tablet_max_width":0,"ocean_custom_logo_mobile_max_width":0,"ocean_custom_logo_max_height":0,"ocean_custom_logo_tablet_max_height":0,"ocean_custom_logo_mobile_max_height":0,"ocean_header_custom_menu":"0","ocean_menu_typo_font_family":"0","ocean_menu_typo_font_subset":"","ocean_menu_typo_font_size":0,"ocean_menu_typo_font_size_tablet":0,"ocean_menu_typo_font_size_mobile":0,"ocean_menu_typo_font_size_unit":"px","ocean_menu_typo_font_weight":"","ocean_menu_typo_font_weight_tablet":"","ocean_menu_typo_font_weight_mobile":"","ocean_menu_typo_transform":"","ocean_menu_typo_transform_tablet":"","ocean_menu_typo_transform_mobile":"","ocean_menu_typo_line_height":0,"ocean_menu_typo_line_height_tablet":0,"ocean_menu_typo_line_height_mobile":0,"ocean_menu_typo_line_height_unit":"","ocean_menu_typo_spacing":0,"ocean_menu_typo_spacing_tablet":0,"ocean_menu_typo_spacing_mobile":0,"ocean_menu_typo_spacing_unit":"","ocean_menu_link_color":"","ocean_menu_link_color_hover":"","ocean_menu_link_color_active":"","ocean_menu_link_background":"","ocean_menu_link_hover_background":"","ocean_menu_link_active_background":"","ocean_menu_social_links_bg":"","ocean_menu_social_hover_links_bg":"","ocean_menu_social_links_color":"","ocean_menu_social_hover_links_color":"","ocean_disable_title":"default","ocean_disable_heading":"default","ocean_post_title":"","ocean_post_subheading":"","ocean_post_title_style":"","ocean_post_title_background_color":"","ocean_post_title_background":0,"ocean_post_title_bg_image_position":"","ocean_post_title_bg_image_attachment":"","ocean_post_title_bg_image_repeat":"","ocean_post_title_bg_image_size":"","ocean_post_title_height":0,"ocean_post_title_bg_overlay":0.5,"ocean_post_title_bg_overlay_color":"","ocean_disable_breadcrumbs":"default","ocean_breadcrumbs_color":"","ocean_breadcrumbs_separator_color":"","ocean_breadcrumbs_links_color":"","ocean_breadcrumbs_links_hover_color":"","ocean_display_footer_widgets":"default","ocean_display_footer_bottom":"default","ocean_custom_footer_template":"0"},"product_brand":[],"product_cat":[189,188,193,349],"product_tag":[],"class_list":{"0":"post-6986","1":"product","2":"type-product","3":"status-publish","4":"has-post-thumbnail","6":"product_cat-jute-ivory-kollektion","7":"product_cat-mia-melange-de","8":"product_cat-naturfasertaschen","9":"product_cat-umhangetaschen","10":"product_shipping_class-mia-melange-1000gr-de","12":"entry","13":"has-media","15":"first","16":"instock","17":"taxable","18":"shipping-taxable","19":"purchasable","20":"product-type-simple","21":"has-product-nav","22":"col","23":"span_1_of_2","24":"owp-content-center","25":"owp-thumbs-layout-horizontal","26":"owp-btn-big","27":"owp-tabs-layout-horizontal","29":"circle-sale"},"_links":{"self":[{"href":"https:\/\/capsunshop.com\/de\/wp-json\/wp\/v2\/product\/6986","targetHints":{"allow":["GET"]}}],"collection":[{"href":"https:\/\/capsunshop.com\/de\/wp-json\/wp\/v2\/product"}],"about":[{"href":"https:\/\/capsunshop.com\/de\/wp-json\/wp\/v2\/types\/product"}],"replies":[{"embeddable":true,"href":"https:\/\/capsunshop.com\/de\/wp-json\/wp\/v2\/comments?post=6986"}],"wp:featuredmedia":[{"embeddable":true,"href":"https:\/\/capsunshop.com\/de\/wp-json\/wp\/v2\/media\/32046"}],"wp:attachment":[{"href":"https:\/\/capsunshop.com\/de\/wp-json\/wp\/v2\/media?parent=6986"}],"wp:term":[{"taxonomy":"product_brand","embeddable":true,"href":"https:\/\/capsunshop.com\/de\/wp-json\/wp\/v2\/product_brand?post=6986"},{"taxonomy":"product_cat","embeddable":true,"href":"https:\/\/capsunshop.com\/de\/wp-json\/wp\/v2\/product_cat?post=6986"},{"taxonomy":"product_tag","embeddable":true,"href":"https:\/\/capsunshop.com\/de\/wp-json\/wp\/v2\/product_tag?post=6986"}],"curies":[{"name":"wp","href":"https:\/\/api.w.org\/{rel}","templated":true}]}}